{"id":33,"date":"2025-03-25T15:14:15","date_gmt":"2025-03-25T14:14:15","guid":{"rendered":"https:\/\/proxectocolaxe.com\/?page_id=33"},"modified":"2025-05-05T11:52:23","modified_gmt":"2025-05-05T09:52:23","slug":"casas-del-mayor","status":"publish","type":"page","link":"https:\/\/proxectocolaxe.com\/en\/casas-del-mayor\/","title":{"rendered":"Casas del Mayor"},"content":{"rendered":"<p><div class=\"fusion-fullwidth fullwidth-box fusion-builder-row-1 fusion-flex-container has-pattern-background has-mask-background hundred-percent-fullwidth non-hundred-percent-height-scrolling\" style=\"--awb-border-radius-top-left:0px;--awb-border-radius-top-right:0px;--awb-border-radius-bottom-right:0px;--awb-border-radius-bottom-left:0px;--awb-padding-top:96px;--awb-padding-right:72px;--awb-padding-left:72px;--awb-padding-top-small:30px;--awb-padding-right-small:30px;--awb-padding-left-small:30px;--awb-flex-wrap:wrap;\" ><div class=\"fusion-builder-row fusion-row fusion-flex-align-items-stretch fusion-flex-content-wrap\" style=\"width:calc( 100% + 30px ) !important;max-width:calc( 100% + 30px ) !important;margin-left: calc(-30px \/ 2 );margin-right: calc(-30px \/ 2 );\"><div class=\"fusion-layout-column fusion_builder_column fusion-builder-column-0 fusion_builder_column_2_5 2_5 fusion-flex-column\" style=\"--awb-padding-top:250px;--awb-padding-bottom:250px;--awb-padding-top-medium:240px;--awb-padding-bottom-medium:240px;--awb-overflow:hidden;--awb-bg-size:cover;--awb-border-radius:20px 20px 20px 20px;--awb-width-large:40%;--awb-margin-top-large:0px;--awb-spacing-right-large:15px;--awb-margin-bottom-large:0px;--awb-spacing-left-large:15px;--awb-width-medium:100%;--awb-order-medium:2;--awb-spacing-right-medium:15px;--awb-spacing-left-medium:15px;--awb-width-small:100%;--awb-order-small:2;--awb-spacing-right-small:15px;--awb-spacing-left-small:15px;\" data-scroll-devices=\"small-visibility,medium-visibility,large-visibility\"><div class=\"awb-column__background-slider\" ><div class=\"awb-background-slider\" data-type=\"column\" data-loop=\"yes\" data-animation=\"zoom\" data-slideshow-speed=\"3000\" data-animation-speed=\"800\" data-direction=\"up\" style=\"--awb-image-position:50% 50%;\"><div class=\"swiper-wrapper\"><div class=\"swiper-slide\"><img decoding=\"async\" width=\"1504\" height=\"1200\" src=\"https:\/\/proxectocolaxe.com\/wp-content\/uploads\/avada-recruitment-04.jpg\" class=\"awb-background-slider__image\" alt=\"\" srcset=\"https:\/\/proxectocolaxe.com\/wp-content\/uploads\/avada-recruitment-04-150x120.jpg 150w, https:\/\/proxectocolaxe.com\/wp-content\/uploads\/avada-recruitment-04-177x142.jpg 177w, https:\/\/proxectocolaxe.com\/wp-content\/uploads\/avada-recruitment-04-200x160.jpg 200w, https:\/\/proxectocolaxe.com\/wp-content\/uploads\/avada-recruitment-04-300x239.jpg 300w, https:\/\/proxectocolaxe.com\/wp-content\/uploads\/avada-recruitment-04-400x319.jpg 400w, https:\/\/proxectocolaxe.com\/wp-content\/uploads\/avada-recruitment-04-600x479.jpg 600w, https:\/\/proxectocolaxe.com\/wp-content\/uploads\/avada-recruitment-04-768x613.jpg 768w, https:\/\/proxectocolaxe.com\/wp-content\/uploads\/avada-recruitment-04-800x638.jpg 800w, https:\/\/proxectocolaxe.com\/wp-content\/uploads\/avada-recruitment-04-1024x817.jpg 1024w, https:\/\/proxectocolaxe.com\/wp-content\/uploads\/avada-recruitment-04-1200x957.jpg 1200w, https:\/\/proxectocolaxe.com\/wp-content\/uploads\/avada-recruitment-04.jpg 1504w\" sizes=\"(max-width: 1504px) 100vw, 1504px\" \/><\/div><div class=\"swiper-slide\"><img decoding=\"async\" width=\"1504\" height=\"1200\" src=\"https:\/\/proxectocolaxe.com\/wp-content\/uploads\/avada-recruitment-01.jpg\" class=\"awb-background-slider__image\" alt=\"\" srcset=\"https:\/\/proxectocolaxe.com\/wp-content\/uploads\/avada-recruitment-01-150x120.jpg 150w, https:\/\/proxectocolaxe.com\/wp-content\/uploads\/avada-recruitment-01-177x142.jpg 177w, https:\/\/proxectocolaxe.com\/wp-content\/uploads\/avada-recruitment-01-200x160.jpg 200w, https:\/\/proxectocolaxe.com\/wp-content\/uploads\/avada-recruitment-01-300x239.jpg 300w, https:\/\/proxectocolaxe.com\/wp-content\/uploads\/avada-recruitment-01-400x319.jpg 400w, https:\/\/proxectocolaxe.com\/wp-content\/uploads\/avada-recruitment-01-600x479.jpg 600w, https:\/\/proxectocolaxe.com\/wp-content\/uploads\/avada-recruitment-01-768x613.jpg 768w, https:\/\/proxectocolaxe.com\/wp-content\/uploads\/avada-recruitment-01-800x638.jpg 800w, https:\/\/proxectocolaxe.com\/wp-content\/uploads\/avada-recruitment-01-1024x817.jpg 1024w, https:\/\/proxectocolaxe.com\/wp-content\/uploads\/avada-recruitment-01-1200x957.jpg 1200w, https:\/\/proxectocolaxe.com\/wp-content\/uploads\/avada-recruitment-01.jpg 1504w\" sizes=\"(max-width: 1504px) 100vw, 1504px\" \/><\/div><\/div><\/div><\/div><div class=\"fusion-column-wrapper fusion-column-has-shadow fusion-flex-justify-content-flex-start fusion-content-layout-column\"><div class=\"awb-column__content\"><\/div><\/div><\/div><div class=\"fusion-layout-column fusion_builder_column fusion-builder-column-1 fusion_builder_column_3_5 3_5 fusion-flex-column\" style=\"--awb-overflow:hidden;--awb-bg-color:var(--awb-color4);--awb-bg-color-hover:var(--awb-color4);--awb-bg-size:cover;--awb-border-radius:20px 0px 20px 20px;--awb-width-large:60%;--awb-margin-top-large:0px;--awb-spacing-right-large:15px;--awb-margin-bottom-large:0px;--awb-spacing-left-large:15px;--awb-width-medium:100%;--awb-order-medium:1;--awb-spacing-right-medium:15px;--awb-margin-bottom-medium:40px;--awb-spacing-left-medium:15px;--awb-width-small:100%;--awb-order-small:1;--awb-spacing-right-small:15px;--awb-spacing-left-small:15px;\" data-scroll-devices=\"small-visibility,medium-visibility,large-visibility\"><div class=\"fusion-column-wrapper fusion-column-has-shadow fusion-flex-justify-content-flex-start fusion-content-layout-column\"><div class=\"fusion-image-element\" style=\"text-align:right;--awb-margin-left-small:30%;--awb-caption-title-font-family:var(--h2_typography-font-family);--awb-caption-title-font-weight:var(--h2_typography-font-weight);--awb-caption-title-font-style:var(--h2_typography-font-style);--awb-caption-title-size:var(--h2_typography-font-size);--awb-caption-title-transform:var(--h2_typography-text-transform);--awb-caption-title-line-height:var(--h2_typography-line-height);--awb-caption-title-letter-spacing:var(--h2_typography-letter-spacing);\"><span class=\"fusion-imageframe imageframe-none imageframe-1 hover-type-none\"><img decoding=\"async\" width=\"600\" height=\"95\" title=\"carpeta-01\" src=\"https:\/\/proxectocolaxe.com\/wp-content\/uploads\/carpeta-01.svg\" alt class=\"img-responsive wp-image-230\"\/><\/span><\/div><div class=\"fusion-title title fusion-title-1 fusion-sep-none fusion-title-text fusion-title-size-one\" style=\"--awb-text-color:var(--awb-color1);--awb-margin-top:20px;--awb-margin-right:72px;--awb-margin-left:72px;--awb-margin-right-small:22px;--awb-margin-bottom-small:20px;--awb-margin-left-small:22px;--awb-font-size:42px;\"><h1 class=\"fusion-title-heading title-heading-left fusion-responsive-typography-calculated\" style=\"margin:0;font-size:1em;--fontSize:42;line-height:var(--awb-typography1-line-height);\">Casas del Mayor<\/h1><\/div><ul style=\"--awb-margin-top:0px;--awb-margin-right:8%;--awb-margin-bottom:48px;--awb-margin-left:8%;--awb-iconcolor:var(--awb-color5);--awb-textcolor:var(--awb-color1);--awb-line-height:28.9px;--awb-icon-width:28.9px;--awb-icon-height:28.9px;--awb-icon-margin:11.9px;--awb-content-margin:40.8px;--awb-circlecolor:var(--awb-color4);--awb-circle-yes-font-size:14.96px;\" class=\"fusion-checklist fusion-checklist-1 fusion-checklist-default type-icons\"><li class=\"fusion-li-item\" style=\"\"><span class=\"icon-wrapper circle-yes\"><i class=\"fusion-li-icon awb-icon-check\" aria-hidden=\"true\"><\/i><\/span><div class=\"fusion-li-item-content\">Auxiliar de ayuda a domicilio<\/div><\/li><li class=\"fusion-li-item\" style=\"\"><span class=\"icon-wrapper circle-yes\"><i class=\"fusion-li-icon awb-icon-check\" aria-hidden=\"true\"><\/i><\/span><div class=\"fusion-li-item-content\">Asistente de atenci\u00f3n domiciliaria<\/div><\/li><li class=\"fusion-li-item\" style=\"\"><span class=\"icon-wrapper circle-yes\"><i class=\"fusion-li-icon awb-icon-check\" aria-hidden=\"true\"><\/i><\/span><div class=\"fusion-li-item-content\">Cuidador de personas mayores, discapacitadas, convalecientes en el domicilio.<\/div><\/li><\/ul><div class=\"fusion-builder-row fusion-builder-row-inner fusion-row fusion-flex-align-items-stretch fusion-flex-content-wrap\" style=\"width:calc( 100% + 30px ) !important;max-width:calc( 100% + 30px ) !important;margin-left: calc(-30px \/ 2 );margin-right: calc(-30px \/ 2 );\"><div class=\"fusion-layout-column fusion_builder_column_inner fusion-builder-nested-column-0 fusion_builder_column_inner_1_1 1_1 fusion-flex-column\" style=\"--awb-padding-right:72px;--awb-padding-left:72px;--awb-padding-right-small:22px;--awb-padding-left-small:22px;--awb-bg-size:cover;--awb-width-large:100%;--awb-margin-top-large:0px;--awb-spacing-right-large:15px;--awb-margin-bottom-large:0px;--awb-spacing-left-large:15px;--awb-width-medium:100%;--awb-order-medium:0;--awb-spacing-right-medium:15px;--awb-spacing-left-medium:15px;--awb-width-small:100%;--awb-order-small:0;--awb-spacing-right-small:15px;--awb-spacing-left-small:15px;\"><div class=\"fusion-column-wrapper fusion-column-has-shadow fusion-flex-justify-content-flex-start fusion-content-layout-row\"><div ><a class=\"fusion-button button-flat fusion-button-default-size button-default fusion-button-default button-1 fusion-button-default-span fusion-button-default-type awb-b-icon-pos-right\" style=\"--button_margin-right:20px;--button_margin-bottom:20px;\" target=\"_self\" data-hover=\"icon_position\" href=\"#awb-open-oc__419\"><span class=\"fusion-button-text\">Inscribirse<\/span><i class=\"fa-angle-right fas button-icon-right\" aria-hidden=\"true\"><\/i><i class=\"fa-angle-right fas button-icon-right\" aria-hidden=\"true\"><\/i><\/a><\/div><div ><a class=\"fusion-button button-flat fusion-button-default-size button-custom fusion-button-default button-2 fusion-button-default-span fusion-button-default-type awb-b-icon-pos-right\" style=\"--button_accent_color:var(--awb-color7);--button_accent_hover_color:var(--awb-color8);--button_border_hover_color:var(--awb-color8);--button_gradient_top_color:var(--awb-color1);--button_gradient_bottom_color:var(--awb-color1);--button_gradient_top_color_hover:var(--awb-color1);--button_gradient_bottom_color_hover:var(--awb-color1);--button_margin-right:20px;--button_margin-bottom:20px;\" target=\"_self\" data-hover=\"icon_position\" href=\"#mas-info-casas-del-mayor\"><span class=\"fusion-button-text\">Mas Informaci\u00f3n<\/span><i class=\"fa-angle-right fas button-icon-right\" aria-hidden=\"true\"><\/i><i class=\"fa-angle-right fas button-icon-right\" aria-hidden=\"true\"><\/i><\/a><\/div><\/div><\/div><\/div><div class=\"fusion-separator fusion-full-width-sep\" style=\"align-self: center;margin-left: auto;margin-right: auto;margin-top:32px;margin-bottom:32px;width:100%;\"><div class=\"fusion-separator-border sep-single sep-solid\" style=\"--awb-height:20px;--awb-amount:20px;--awb-sep-color:hsla(var(--awb-color1-h),var(--awb-color1-s),var(--awb-color1-l),calc(var(--awb-color1-a) - 50%));border-color:hsla(var(--awb-color1-h),var(--awb-color1-s),var(--awb-color1-l),calc(var(--awb-color1-a) - 50%));border-top-width:1px;\"><\/div><\/div><ul style=\"--awb-margin-right:8%;--awb-margin-bottom:40px;--awb-margin-left:8%;--awb-iconcolor:var(--awb-color5);--awb-textcolor:var(--awb-color1);--awb-line-height:28.9px;--awb-icon-width:28.9px;--awb-icon-height:28.9px;--awb-icon-margin:11.9px;--awb-content-margin:40.8px;--awb-circlecolor:var(--awb-color4);--awb-circle-yes-font-size:14.96px;\" class=\"fusion-checklist fusion-checklist-2 fusion-checklist-default type-icons\"><li class=\"fusion-li-item\" style=\"\"><span class=\"icon-wrapper circle-yes\"><i class=\"fusion-li-icon fa-phone-alt fas\" aria-hidden=\"true\"><\/i><\/span><div class=\"fusion-li-item-content\"><strong>Ll\u00e1manos al +34 981 728 310<\/strong><\/div><\/li><\/ul><\/div><\/div><\/div><\/div><div id=\"mas-info-casas-del-mayor\" class=\"fusion-container-anchor\"><div class=\"fusion-fullwidth fullwidth-box fusion-builder-row-2 fusion-flex-container has-pattern-background has-mask-background hundred-percent-fullwidth non-hundred-percent-height-scrolling\" style=\"--awb-border-radius-top-left:0px;--awb-border-radius-top-right:0px;--awb-border-radius-bottom-right:0px;--awb-border-radius-bottom-left:0px;--awb-padding-right:72px;--awb-padding-left:72px;--awb-padding-top-small:30px;--awb-padding-right-small:30px;--awb-padding-left-small:30px;--awb-flex-wrap:wrap;\" ><div class=\"fusion-builder-row fusion-row fusion-flex-align-items-stretch fusion-flex-content-wrap\" style=\"width:calc( 100% + 30px ) !important;max-width:calc( 100% + 30px ) !important;margin-left: calc(-30px \/ 2 );margin-right: calc(-30px \/ 2 );\"><div class=\"fusion-layout-column fusion_builder_column fusion-builder-column-2 fusion_builder_column_1_2 1_2 fusion-flex-column\" style=\"--awb-padding-right:72px;--awb-padding-left:72px;--awb-padding-right-small:0px;--awb-padding-left-small:0px;--awb-bg-size:cover;--awb-width-large:50%;--awb-margin-top-large:50px;--awb-spacing-right-large:15px;--awb-margin-bottom-large:20px;--awb-spacing-left-large:15px;--awb-width-medium:100%;--awb-order-medium:3;--awb-spacing-right-medium:15px;--awb-spacing-left-medium:15px;--awb-width-small:100%;--awb-order-small:3;--awb-spacing-right-small:15px;--awb-spacing-left-small:15px;\"><div class=\"fusion-column-wrapper fusion-column-has-shadow fusion-flex-justify-content-flex-start fusion-content-layout-column\"><div class=\"fusion-title title fusion-title-2 fusion-sep-none fusion-title-text fusion-title-size-two\"><h2 class=\"fusion-title-heading title-heading-left fusion-responsive-typography-calculated\" style=\"margin:0;--fontSize:42;line-height:var(--awb-typography1-line-height);\">\u00bfQu\u00e9 son?<\/h2><\/div><\/div><\/div><div class=\"fusion-layout-column fusion_builder_column fusion-builder-column-3 fusion_builder_column_1_2 1_2 fusion-flex-column\" style=\"--awb-padding-right:72px;--awb-padding-right-small:0px;--awb-padding-left-small:0px;--awb-bg-size:cover;--awb-width-large:50%;--awb-margin-top-large:50px;--awb-spacing-right-large:15px;--awb-margin-bottom-large:20px;--awb-spacing-left-large:15px;--awb-width-medium:100%;--awb-order-medium:3;--awb-spacing-right-medium:15px;--awb-spacing-left-medium:15px;--awb-width-small:100%;--awb-order-small:3;--awb-spacing-right-small:15px;--awb-spacing-left-small:15px;\"><div class=\"fusion-column-wrapper fusion-column-has-shadow fusion-flex-justify-content-flex-start fusion-content-layout-column\"><div class=\"fusion-title title fusion-title-3 fusion-sep-none fusion-title-text fusion-title-size-two\"><h2 class=\"fusion-title-heading title-heading-left fusion-responsive-typography-calculated\" style=\"margin:0;--fontSize:42;line-height:var(--awb-typography1-line-height);\">Quienes Somos<\/h2><\/div><\/div><\/div><div class=\"fusion-layout-column fusion_builder_column fusion-builder-column-4 fusion_builder_column_1_2 1_2 fusion-flex-column\" style=\"--awb-padding-left:72px;--awb-padding-right-small:0px;--awb-padding-left-small:0px;--awb-bg-size:cover;--awb-width-large:50%;--awb-margin-top-large:0px;--awb-spacing-right-large:15px;--awb-margin-bottom-large:20px;--awb-spacing-left-large:15px;--awb-width-medium:100%;--awb-order-medium:3;--awb-spacing-right-medium:15px;--awb-spacing-left-medium:15px;--awb-width-small:100%;--awb-order-small:3;--awb-spacing-right-small:15px;--awb-spacing-left-small:15px;\"><div class=\"fusion-column-wrapper fusion-column-has-shadow fusion-flex-justify-content-flex-start fusion-content-layout-column\"><div class=\"fusion-text fusion-text-1\" style=\"--awb-content-alignment:justify;\"><p>Desarrollar intervenciones de atenci\u00f3n f\u00edsica domiciliaria dirigidas a personas con necesidades de atenci\u00f3n sociosanitaria.<\/p>\n<p>Desarrollar intervenciones de atenci\u00f3n psicosocial domiciliaria dirigidas a personas con necesidades de atenci\u00f3n sociosanitaria.<\/p>\n<p>Desarrollar las actividades relacionadas con la gesti\u00f3n y funcionamiento de la unidad convivencial. Competencia general: Ayudar en el \u00e1mbito socio-sanitario en el domicilio a personas con especiales necesidades de salud f\u00edsica, ps\u00edquica y social, aplicando las estrategias y procedimientos m\u00e1s adecuados para mantener y mejorar su autonom\u00eda personal y sus relaciones con el entorno.<\/p>\n<p>En general, podr\u00e1 ejercer su actividad en la organizaci\u00f3n, ejecuci\u00f3n y control de las actividades de atenci\u00f3n socio-sanitaria directa a las personas y a su entorno en el domicilio.<\/p>\n<\/div><\/div><\/div><div class=\"fusion-layout-column fusion_builder_column fusion-builder-column-5 fusion_builder_column_1_2 1_2 fusion-flex-column\" style=\"--awb-padding-right:72px;--awb-padding-right-small:0px;--awb-padding-left-small:0px;--awb-bg-size:cover;--awb-width-large:50%;--awb-margin-top-large:0px;--awb-spacing-right-large:15px;--awb-margin-bottom-large:20px;--awb-spacing-left-large:15px;--awb-width-medium:100%;--awb-order-medium:3;--awb-spacing-right-medium:15px;--awb-spacing-left-medium:15px;--awb-width-small:100%;--awb-order-small:3;--awb-spacing-right-small:15px;--awb-spacing-left-small:15px;\"><div class=\"fusion-column-wrapper fusion-column-has-shadow fusion-flex-justify-content-flex-start fusion-content-layout-column\"><div class=\"fusion-text fusion-text-2\" style=\"--awb-content-alignment:justify;\"><p><strong>En concreto podr\u00e1 ser contratado por:<\/strong><\/p>\n<p>Administraciones P\u00fablicas, fundamentalmente municipales y auton\u00f3micas, encargadas de la gesti\u00f3n y prestaci\u00f3n de servicios domiciliarios de atenci\u00f3n a personas dependientes.<\/p>\n<p>Entidades privadas, con o sin \u00e1nimo de lucro, tanto si ofertan servicios directos al usuario, como si son responsables de la gesti\u00f3n de servicios o programas de atenci\u00f3n domiciliaria de titularidad p\u00fablica.<\/p>\n<p>Como aut\u00f3nomo, ofertando sus servicios directamente a unidades convivenciales demandantes o creando su propia empresa de servicios domiciliarios, asociado con otros t\u00e9cnicos.<\/p>\n<\/div><\/div><\/div><div class=\"fusion-layout-column fusion_builder_column fusion-builder-column-6 fusion_builder_column_1_1 1_1 fusion-flex-column\" style=\"--awb-padding-right:72px;--awb-padding-left:72px;--awb-padding-right-small:0px;--awb-padding-left-small:0px;--awb-bg-size:cover;--awb-width-large:100%;--awb-margin-top-large:50px;--awb-spacing-right-large:15px;--awb-margin-bottom-large:20px;--awb-spacing-left-large:15px;--awb-width-medium:100%;--awb-order-medium:3;--awb-spacing-right-medium:15px;--awb-spacing-left-medium:15px;--awb-width-small:100%;--awb-order-small:3;--awb-spacing-right-small:15px;--awb-spacing-left-small:15px;\"><div class=\"fusion-column-wrapper fusion-column-has-shadow fusion-flex-justify-content-flex-start fusion-content-layout-column\"><div class=\"fusion-title title fusion-title-4 fusion-sep-none fusion-title-text fusion-title-size-two\"><h2 class=\"fusion-title-heading title-heading-left fusion-responsive-typography-calculated\" style=\"margin:0;--fontSize:42;line-height:var(--awb-typography1-line-height);\">\u00bfD\u00f3nde Est\u00e1n?<\/h2><\/div><div style=\"--awb-height:700px;\" class=\"awb-openstreet-map awb-openstreet-map-1\" data-map-style=\"esri-imagery\" data-map-type=\"marker\" data-zoom=\"14.2\" data-zoomsnap=\"1.0\" data-zoomcontrol=\"1\" data-scrollwheelzoom=\"\" data-dragging=\"1\" data-touchzoom=\"1\" data-dbclickzoom=\"1\" data-fitbounds=\"\" data-shape-color=\"rgba(251,225,46,1)\" data-shape-weight=\"3\"><div class=\"awb-openstreet-map-marker awb-openstreet-map-marker-1\" data-latitude=\"43.2219125\" data-longitude=\"-9.0059393\" data-icon=\"fa-map-marker-alt fas\" data-action=\"popup\"><div class=\"awb-openstreet-map-marker-icon-wrapper awb-openstreet-map-marker-anim-pulsating\" style=\"--awb-background-color:var(--awb-color4);\"><i class=\"fa-map-marker-alt fas\"><\/i><\/div><div class=\"awb-openstreet-map-content-wrapper\"><\/div><\/div><\/div><\/div><\/div><\/div><\/div><\/div><div id=\"mas-info-instituciones\" class=\"fusion-container-anchor\"><div class=\"fusion-fullwidth fullwidth-box fusion-builder-row-3 fusion-flex-container has-pattern-background has-mask-background hundred-percent-fullwidth non-hundred-percent-height-scrolling\" style=\"--awb-border-radius-top-left:0px;--awb-border-radius-top-right:0px;--awb-border-radius-bottom-right:0px;--awb-border-radius-bottom-left:0px;--awb-padding-right:72px;--awb-padding-left:72px;--awb-padding-top-small:30px;--awb-padding-right-small:30px;--awb-padding-left-small:30px;--awb-margin-bottom:96px;--awb-flex-wrap:wrap;\" ><div class=\"fusion-builder-row fusion-row fusion-flex-align-items-stretch fusion-flex-content-wrap\" style=\"width:calc( 100% + 30px ) !important;max-width:calc( 100% + 30px ) !important;margin-left: calc(-30px \/ 2 );margin-right: calc(-30px \/ 2 );\"><div class=\"fusion-layout-column fusion_builder_column fusion-builder-column-7 fusion_builder_column_1_1 1_1 fusion-flex-column\" style=\"--awb-padding-right:72px;--awb-padding-left:72px;--awb-padding-right-small:0px;--awb-padding-left-small:0px;--awb-bg-size:cover;--awb-width-large:100%;--awb-margin-top-large:50px;--awb-spacing-right-large:15px;--awb-margin-bottom-large:20px;--awb-spacing-left-large:15px;--awb-width-medium:100%;--awb-order-medium:3;--awb-spacing-right-medium:15px;--awb-spacing-left-medium:15px;--awb-width-small:100%;--awb-order-small:0;--awb-spacing-right-small:15px;--awb-spacing-left-small:15px;\"><div class=\"fusion-column-wrapper fusion-column-has-shadow fusion-flex-justify-content-flex-start fusion-content-layout-column\"><div class=\"fusion-title title fusion-title-5 fusion-sep-none fusion-title-text fusion-title-size-two\"><h2 class=\"fusion-title-heading title-heading-left fusion-responsive-typography-calculated\" style=\"margin:0;--fontSize:42;line-height:var(--awb-typography1-line-height);\">M\u00e1s Informaci\u00f3n<\/h2><\/div><div class=\"fusion-text fusion-text-3\" style=\"--awb-content-alignment:justify;\"><p>Atender a personas dependientes en el \u00e1mbito sociosanitario en la instituci\u00f3n donde se desarrolle su actuaci\u00f3n, aplicando las estrategias dise\u00f1adas por el equipo interdisciplinar competente y los procedimientos para mantener y mejorar su autonom\u00eda personal y sus relaciones con el entorno.<\/p>\n<p>Preparar y apoyar las intervenciones de atenci\u00f3n a las personas y a su entorno en el \u00e1mbito institucional indicadas por el equipo interdisciplinar.<\/p>\n<p>Desarrollar intervenciones de atenci\u00f3n f\u00edsica dirigidas a personas dependientes en el \u00e1mbito institucional.<\/p>\n<p>Desarrollar intervenciones de atenci\u00f3n sociosanitaria dirigidas a personas dependientes en el \u00e1mbito institucional.<\/p>\n<p>Desarrollar intervenciones de atenci\u00f3n psicosocial dirigidas a personas dependientes en el \u00e1mbito institucional.<\/p>\n<\/div><\/div><\/div><\/div><\/div><\/div><\/p>","protected":false},"excerpt":{"rendered":"","protected":false},"author":1,"featured_media":0,"parent":0,"menu_order":0,"comment_status":"closed","ping_status":"closed","template":"100-width.php","meta":{"footnotes":""},"class_list":["post-33","page","type-page","status-publish","hentry"],"_links":{"self":[{"href":"https:\/\/proxectocolaxe.com\/en\/wp-json\/wp\/v2\/pages\/33","targetHints":{"allow":["GET"]}}],"collection":[{"href":"https:\/\/proxectocolaxe.com\/en\/wp-json\/wp\/v2\/pages"}],"about":[{"href":"https:\/\/proxectocolaxe.com\/en\/wp-json\/wp\/v2\/types\/page"}],"author":[{"embeddable":true,"href":"https:\/\/proxectocolaxe.com\/en\/wp-json\/wp\/v2\/users\/1"}],"replies":[{"embeddable":true,"href":"https:\/\/proxectocolaxe.com\/en\/wp-json\/wp\/v2\/comments?post=33"}],"version-history":[{"count":8,"href":"https:\/\/proxectocolaxe.com\/en\/wp-json\/wp\/v2\/pages\/33\/revisions"}],"predecessor-version":[{"id":420,"href":"https:\/\/proxectocolaxe.com\/en\/wp-json\/wp\/v2\/pages\/33\/revisions\/420"}],"wp:attachment":[{"href":"https:\/\/proxectocolaxe.com\/en\/wp-json\/wp\/v2\/media?parent=33"}],"curies":[{"name":"wp","href":"https:\/\/api.w.org\/{rel}","templated":true}]}}