{"id":450,"date":"2025-12-16T12:45:29","date_gmt":"2025-12-16T11:45:29","guid":{"rendered":"https:\/\/proxectocolaxe.com\/?page_id=450"},"modified":"2025-12-16T13:50:33","modified_gmt":"2025-12-16T12:50:33","slug":"voluntariado","status":"publish","type":"page","link":"https:\/\/proxectocolaxe.com\/en\/voluntariado\/","title":{"rendered":"Voluntariado"},"content":{"rendered":"<p><div class=\"fusion-fullwidth fullwidth-box fusion-builder-row-1 fusion-flex-container has-pattern-background has-mask-background hundred-percent-fullwidth non-hundred-percent-height-scrolling\" style=\"--awb-border-radius-top-left:0px;--awb-border-radius-top-right:0px;--awb-border-radius-bottom-right:0px;--awb-border-radius-bottom-left:0px;--awb-padding-top:96px;--awb-padding-right:72px;--awb-padding-left:72px;--awb-padding-top-small:30px;--awb-padding-right-small:30px;--awb-padding-left-small:30px;--awb-flex-wrap:wrap;\" ><div class=\"fusion-builder-row fusion-row fusion-flex-align-items-stretch fusion-flex-content-wrap\" style=\"width:calc( 100% + 30px ) !important;max-width:calc( 100% + 30px ) !important;margin-left: calc(-30px \/ 2 );margin-right: calc(-30px \/ 2 );\"><div class=\"fusion-layout-column fusion_builder_column fusion-builder-column-0 fusion_builder_column_2_5 2_5 fusion-flex-column\" style=\"--awb-padding-top:250px;--awb-padding-bottom:250px;--awb-padding-top-medium:240px;--awb-padding-bottom-medium:240px;--awb-overflow:hidden;--awb-bg-size:cover;--awb-border-radius:20px 20px 20px 20px;--awb-width-large:40%;--awb-margin-top-large:0px;--awb-spacing-right-large:15px;--awb-margin-bottom-large:0px;--awb-spacing-left-large:15px;--awb-width-medium:100%;--awb-order-medium:2;--awb-spacing-right-medium:15px;--awb-spacing-left-medium:15px;--awb-width-small:100%;--awb-order-small:2;--awb-spacing-right-small:15px;--awb-spacing-left-small:15px;\" data-scroll-devices=\"small-visibility,medium-visibility,large-visibility\"><div class=\"awb-column__background-slider\" ><div class=\"awb-background-slider\" data-type=\"column\" data-loop=\"yes\" data-animation=\"zoom\" data-slideshow-speed=\"3000\" data-animation-speed=\"800\" data-direction=\"up\" style=\"--awb-image-position:50% 50%;\"><div class=\"swiper-wrapper\"><div class=\"swiper-slide\"><img decoding=\"async\" width=\"1504\" height=\"1200\" src=\"https:\/\/proxectocolaxe.com\/wp-content\/uploads\/avada-recruitment-04.jpg\" class=\"awb-background-slider__image\" alt=\"\" srcset=\"https:\/\/proxectocolaxe.com\/wp-content\/uploads\/avada-recruitment-04-150x120.jpg 150w, https:\/\/proxectocolaxe.com\/wp-content\/uploads\/avada-recruitment-04-177x142.jpg 177w, https:\/\/proxectocolaxe.com\/wp-content\/uploads\/avada-recruitment-04-200x160.jpg 200w, https:\/\/proxectocolaxe.com\/wp-content\/uploads\/avada-recruitment-04-300x239.jpg 300w, https:\/\/proxectocolaxe.com\/wp-content\/uploads\/avada-recruitment-04-400x319.jpg 400w, https:\/\/proxectocolaxe.com\/wp-content\/uploads\/avada-recruitment-04-600x479.jpg 600w, https:\/\/proxectocolaxe.com\/wp-content\/uploads\/avada-recruitment-04-768x613.jpg 768w, https:\/\/proxectocolaxe.com\/wp-content\/uploads\/avada-recruitment-04-800x638.jpg 800w, https:\/\/proxectocolaxe.com\/wp-content\/uploads\/avada-recruitment-04-1024x817.jpg 1024w, https:\/\/proxectocolaxe.com\/wp-content\/uploads\/avada-recruitment-04-1200x957.jpg 1200w, https:\/\/proxectocolaxe.com\/wp-content\/uploads\/avada-recruitment-04.jpg 1504w\" sizes=\"(max-width: 1504px) 100vw, 1504px\" \/><\/div><div class=\"swiper-slide\"><img decoding=\"async\" width=\"1504\" height=\"1200\" src=\"https:\/\/proxectocolaxe.com\/wp-content\/uploads\/avada-recruitment-01.jpg\" class=\"awb-background-slider__image\" alt=\"\" srcset=\"https:\/\/proxectocolaxe.com\/wp-content\/uploads\/avada-recruitment-01-150x120.jpg 150w, https:\/\/proxectocolaxe.com\/wp-content\/uploads\/avada-recruitment-01-177x142.jpg 177w, https:\/\/proxectocolaxe.com\/wp-content\/uploads\/avada-recruitment-01-200x160.jpg 200w, https:\/\/proxectocolaxe.com\/wp-content\/uploads\/avada-recruitment-01-300x239.jpg 300w, https:\/\/proxectocolaxe.com\/wp-content\/uploads\/avada-recruitment-01-400x319.jpg 400w, https:\/\/proxectocolaxe.com\/wp-content\/uploads\/avada-recruitment-01-600x479.jpg 600w, https:\/\/proxectocolaxe.com\/wp-content\/uploads\/avada-recruitment-01-768x613.jpg 768w, https:\/\/proxectocolaxe.com\/wp-content\/uploads\/avada-recruitment-01-800x638.jpg 800w, https:\/\/proxectocolaxe.com\/wp-content\/uploads\/avada-recruitment-01-1024x817.jpg 1024w, https:\/\/proxectocolaxe.com\/wp-content\/uploads\/avada-recruitment-01-1200x957.jpg 1200w, https:\/\/proxectocolaxe.com\/wp-content\/uploads\/avada-recruitment-01.jpg 1504w\" sizes=\"(max-width: 1504px) 100vw, 1504px\" \/><\/div><\/div><\/div><\/div><div class=\"fusion-column-wrapper fusion-column-has-shadow fusion-flex-justify-content-flex-start fusion-content-layout-column\"><div class=\"awb-column__content\"><\/div><\/div><\/div><div class=\"fusion-layout-column fusion_builder_column fusion-builder-column-1 fusion_builder_column_3_5 3_5 fusion-flex-column\" style=\"--awb-overflow:hidden;--awb-bg-color:var(--awb-color4);--awb-bg-color-hover:var(--awb-color4);--awb-bg-size:cover;--awb-border-radius:20px 0px 20px 20px;--awb-width-large:60%;--awb-margin-top-large:0px;--awb-spacing-right-large:15px;--awb-margin-bottom-large:0px;--awb-spacing-left-large:15px;--awb-width-medium:100%;--awb-order-medium:1;--awb-spacing-right-medium:15px;--awb-margin-bottom-medium:40px;--awb-spacing-left-medium:15px;--awb-width-small:100%;--awb-order-small:1;--awb-spacing-right-small:15px;--awb-spacing-left-small:15px;\" data-scroll-devices=\"small-visibility,medium-visibility,large-visibility\"><div class=\"fusion-column-wrapper fusion-column-has-shadow fusion-flex-justify-content-flex-start fusion-content-layout-column\"><div class=\"fusion-image-element\" style=\"text-align:right;--awb-margin-left-small:30%;--awb-caption-title-font-family:var(--h2_typography-font-family);--awb-caption-title-font-weight:var(--h2_typography-font-weight);--awb-caption-title-font-style:var(--h2_typography-font-style);--awb-caption-title-size:var(--h2_typography-font-size);--awb-caption-title-transform:var(--h2_typography-text-transform);--awb-caption-title-line-height:var(--h2_typography-line-height);--awb-caption-title-letter-spacing:var(--h2_typography-letter-spacing);\"><span class=\"fusion-imageframe imageframe-none imageframe-1 hover-type-none\"><img decoding=\"async\" width=\"600\" height=\"95\" title=\"carpeta-01\" src=\"https:\/\/proxectocolaxe.com\/wp-content\/uploads\/carpeta-01.svg\" alt class=\"img-responsive wp-image-230\"\/><\/span><\/div><div class=\"fusion-title title fusion-title-1 fusion-sep-none fusion-title-text fusion-title-size-one\" style=\"--awb-text-color:var(--awb-color1);--awb-margin-top:20px;--awb-margin-right:72px;--awb-margin-left:72px;--awb-margin-right-small:22px;--awb-margin-bottom-small:20px;--awb-margin-left-small:22px;--awb-font-size:42px;\"><h1 class=\"fusion-title-heading title-heading-left fusion-responsive-typography-calculated\" style=\"margin:0;font-size:1em;--fontSize:42;line-height:var(--awb-typography1-line-height);\">Voluntariado<\/h1><\/div><ul style=\"--awb-margin-top:0px;--awb-margin-right:8%;--awb-margin-bottom:48px;--awb-margin-left:8%;--awb-iconcolor:var(--awb-color5);--awb-textcolor:var(--awb-color1);--awb-line-height:28.9px;--awb-icon-width:28.9px;--awb-icon-height:28.9px;--awb-icon-margin:11.9px;--awb-content-margin:40.8px;--awb-circlecolor:var(--awb-color4);--awb-circle-yes-font-size:14.96px;\" class=\"fusion-checklist fusion-checklist-1 fusion-checklist-default type-icons\"><li class=\"fusion-li-item\" style=\"\"><span class=\"icon-wrapper circle-yes\"><i class=\"fusion-li-icon awb-icon-check\" aria-hidden=\"true\"><\/i><\/span><div class=\"fusion-li-item-content\">Fomentar el voluntariado responsable y capaz.<\/div><\/li><li class=\"fusion-li-item\" style=\"\"><span class=\"icon-wrapper circle-yes\"><i class=\"fusion-li-icon awb-icon-check\" aria-hidden=\"true\"><\/i><\/span><div class=\"fusion-li-item-content\">\n<p>Acompa\u00f1ar a las personas mayores que viven solas.<\/p>\n<\/div><\/li><li class=\"fusion-li-item\" style=\"\"><span class=\"icon-wrapper circle-yes\"><i class=\"fusion-li-icon awb-icon-check\" aria-hidden=\"true\"><\/i><\/span><div class=\"fusion-li-item-content\">Aliviar la carga de las personas cuidadoras.<\/div><\/li><\/ul><div class=\"fusion-builder-row fusion-builder-row-inner fusion-row fusion-flex-align-items-stretch fusion-flex-content-wrap\" style=\"width:calc( 100% + 30px ) !important;max-width:calc( 100% + 30px ) !important;margin-left: calc(-30px \/ 2 );margin-right: calc(-30px \/ 2 );\"><div class=\"fusion-layout-column fusion_builder_column_inner fusion-builder-nested-column-0 fusion_builder_column_inner_1_1 1_1 fusion-flex-column\" style=\"--awb-padding-right:72px;--awb-padding-left:72px;--awb-padding-right-small:22px;--awb-padding-left-small:22px;--awb-bg-size:cover;--awb-width-large:100%;--awb-margin-top-large:0px;--awb-spacing-right-large:15px;--awb-margin-bottom-large:0px;--awb-spacing-left-large:15px;--awb-width-medium:100%;--awb-order-medium:0;--awb-spacing-right-medium:15px;--awb-spacing-left-medium:15px;--awb-width-small:100%;--awb-order-small:0;--awb-spacing-right-small:15px;--awb-spacing-left-small:15px;\"><div class=\"fusion-column-wrapper fusion-column-has-shadow fusion-flex-justify-content-flex-start fusion-content-layout-row\"><div ><a class=\"fusion-button button-flat fusion-button-default-size button-default fusion-button-default button-1 fusion-button-default-span fusion-button-default-type awb-b-icon-pos-right\" style=\"--button_margin-right:20px;--button_margin-bottom:20px;\" target=\"_self\" data-hover=\"icon_position\" href=\"#awb-open-oc__462\"><span class=\"fusion-button-text\">Inscribirse<\/span><i class=\"fa-angle-right fas button-icon-right\" aria-hidden=\"true\"><\/i><i class=\"fa-angle-right fas button-icon-right\" aria-hidden=\"true\"><\/i><\/a><\/div><div ><a class=\"fusion-button button-flat fusion-button-default-size button-custom fusion-button-default button-2 fusion-button-default-span fusion-button-default-type awb-b-icon-pos-right\" style=\"--button_accent_color:var(--awb-color7);--button_accent_hover_color:var(--awb-color8);--button_border_hover_color:var(--awb-color8);--button_gradient_top_color:var(--awb-color1);--button_gradient_bottom_color:var(--awb-color1);--button_gradient_top_color_hover:var(--awb-color1);--button_gradient_bottom_color_hover:var(--awb-color1);--button_margin-right:20px;--button_margin-bottom:20px;\" target=\"_self\" data-hover=\"icon_position\" href=\"#mas-info-voluntariado\"><span class=\"fusion-button-text\">Mas Informaci\u00f3n<\/span><i class=\"fa-angle-right fas button-icon-right\" aria-hidden=\"true\"><\/i><i class=\"fa-angle-right fas button-icon-right\" aria-hidden=\"true\"><\/i><\/a><\/div><\/div><\/div><\/div><div class=\"fusion-separator fusion-full-width-sep\" style=\"align-self: center;margin-left: auto;margin-right: auto;margin-top:32px;margin-bottom:32px;width:100%;\"><div class=\"fusion-separator-border sep-single sep-solid\" style=\"--awb-height:20px;--awb-amount:20px;--awb-sep-color:hsla(var(--awb-color1-h),var(--awb-color1-s),var(--awb-color1-l),calc(var(--awb-color1-a) - 50%));border-color:hsla(var(--awb-color1-h),var(--awb-color1-s),var(--awb-color1-l),calc(var(--awb-color1-a) - 50%));border-top-width:1px;\"><\/div><\/div><ul style=\"--awb-margin-right:8%;--awb-margin-bottom:40px;--awb-margin-left:8%;--awb-iconcolor:var(--awb-color5);--awb-textcolor:var(--awb-color1);--awb-line-height:28.9px;--awb-icon-width:28.9px;--awb-icon-height:28.9px;--awb-icon-margin:11.9px;--awb-content-margin:40.8px;--awb-circlecolor:var(--awb-color4);--awb-circle-yes-font-size:14.96px;\" class=\"fusion-checklist fusion-checklist-2 fusion-checklist-default type-icons\"><li class=\"fusion-li-item\" style=\"\"><span class=\"icon-wrapper circle-yes\"><i class=\"fusion-li-icon fa-phone-alt fas\" aria-hidden=\"true\"><\/i><\/span><div class=\"fusion-li-item-content\"><strong>Ll\u00e1manos al +34 981 728 310<\/strong><\/div><\/li><\/ul><\/div><\/div><\/div><\/div><div id=\"mas-info-voluntariado\" class=\"fusion-container-anchor\"><div class=\"fusion-fullwidth fullwidth-box fusion-builder-row-2 fusion-flex-container has-pattern-background has-mask-background hundred-percent-fullwidth non-hundred-percent-height-scrolling\" style=\"--awb-border-radius-top-left:0px;--awb-border-radius-top-right:0px;--awb-border-radius-bottom-right:0px;--awb-border-radius-bottom-left:0px;--awb-padding-right:72px;--awb-padding-left:72px;--awb-padding-top-small:30px;--awb-padding-right-small:30px;--awb-padding-left-small:30px;--awb-margin-bottom:96px;--awb-flex-wrap:wrap;\" ><div class=\"fusion-builder-row fusion-row fusion-flex-align-items-stretch fusion-flex-content-wrap\" style=\"width:calc( 100% + 30px ) !important;max-width:calc( 100% + 30px ) !important;margin-left: calc(-30px \/ 2 );margin-right: calc(-30px \/ 2 );\"><div class=\"fusion-layout-column fusion_builder_column fusion-builder-column-2 fusion_builder_column_1_1 1_1 fusion-flex-column\" style=\"--awb-padding-right:72px;--awb-padding-left:72px;--awb-padding-right-small:0px;--awb-padding-left-small:0px;--awb-bg-size:cover;--awb-width-large:100%;--awb-margin-top-large:50px;--awb-spacing-right-large:15px;--awb-margin-bottom-large:20px;--awb-spacing-left-large:15px;--awb-width-medium:100%;--awb-order-medium:3;--awb-spacing-right-medium:15px;--awb-spacing-left-medium:15px;--awb-width-small:100%;--awb-order-small:3;--awb-spacing-right-small:15px;--awb-spacing-left-small:15px;\"><div class=\"fusion-column-wrapper fusion-column-has-shadow fusion-flex-justify-content-flex-start fusion-content-layout-column\"><div class=\"fusion-title title fusion-title-2 fusion-sep-none fusion-title-text fusion-title-size-two\"><h2 class=\"fusion-title-heading title-heading-left fusion-responsive-typography-calculated\" style=\"margin:0;--fontSize:42;line-height:var(--awb-typography1-line-height);\">M\u00e1s Informaci\u00f3n<\/h2><\/div><\/div><\/div><div class=\"fusion-layout-column fusion_builder_column fusion-builder-column-3 fusion_builder_column_1_4 1_4 fusion-flex-column\" style=\"--awb-bg-size:cover;--awb-width-large:25%;--awb-margin-top-large:0px;--awb-spacing-right-large:15px;--awb-margin-bottom-large:20px;--awb-spacing-left-large:15px;--awb-width-medium:25%;--awb-order-medium:0;--awb-spacing-right-medium:15px;--awb-spacing-left-medium:15px;--awb-width-small:100%;--awb-order-small:0;--awb-spacing-right-small:15px;--awb-spacing-left-small:15px;\"><div class=\"fusion-column-wrapper fusion-column-has-shadow fusion-flex-justify-content-flex-start fusion-content-layout-column\"><ul style=\"--awb-size:30px;--awb-item-padding-left:70px;--awb-line-height:51px;--awb-icon-width:51px;--awb-icon-height:51px;--awb-icon-margin:21px;--awb-content-margin:72px;--awb-circlecolor:var(--awb-color4);--awb-circle-yes-font-size:26.4px;\" class=\"fusion-checklist fusion-checklist-3 fusion-checklist-default type-icons\"><li class=\"fusion-li-item\" style=\"\"><span class=\"icon-wrapper circle-yes\"><i class=\"fusion-li-icon fa-clock fas\" aria-hidden=\"true\"><\/i><\/span><div class=\"fusion-li-item-content\">300 Horas<\/div><\/li><\/ul><\/div><\/div><div class=\"fusion-layout-column fusion_builder_column fusion-builder-column-4 fusion_builder_column_1_4 1_4 fusion-flex-column\" style=\"--awb-bg-size:cover;--awb-width-large:25%;--awb-margin-top-large:0px;--awb-spacing-right-large:15px;--awb-margin-bottom-large:20px;--awb-spacing-left-large:15px;--awb-width-medium:25%;--awb-order-medium:0;--awb-spacing-right-medium:15px;--awb-spacing-left-medium:15px;--awb-width-small:100%;--awb-order-small:0;--awb-spacing-right-small:15px;--awb-spacing-left-small:15px;\"><div class=\"fusion-column-wrapper fusion-column-has-shadow fusion-flex-justify-content-flex-start fusion-content-layout-column\"><ul style=\"--awb-size:30px;--awb-line-height:51px;--awb-icon-width:51px;--awb-icon-height:51px;--awb-icon-margin:21px;--awb-content-margin:72px;--awb-circlecolor:var(--awb-color4);--awb-circle-yes-font-size:26.4px;\" class=\"fusion-checklist fusion-checklist-4 fusion-checklist-default type-icons\"><li class=\"fusion-li-item\" style=\"\"><span class=\"icon-wrapper circle-yes\"><i class=\"fusion-li-icon fa-calendar-day fas\" aria-hidden=\"true\"><\/i><\/span><div class=\"fusion-li-item-content\">50 D\u00edas<\/div><\/li><\/ul><\/div><\/div><div class=\"fusion-layout-column fusion_builder_column fusion-builder-column-5 fusion_builder_column_1_4 1_4 fusion-flex-column\" style=\"--awb-bg-size:cover;--awb-width-large:25%;--awb-margin-top-large:0px;--awb-spacing-right-large:15px;--awb-margin-bottom-large:20px;--awb-spacing-left-large:15px;--awb-width-medium:25%;--awb-order-medium:0;--awb-spacing-right-medium:15px;--awb-spacing-left-medium:15px;--awb-width-small:100%;--awb-order-small:0;--awb-spacing-right-small:15px;--awb-spacing-left-small:15px;\"><div class=\"fusion-column-wrapper fusion-column-has-shadow fusion-flex-justify-content-flex-start fusion-content-layout-column\"><ul style=\"--awb-size:30px;--awb-line-height:51px;--awb-icon-width:51px;--awb-icon-height:51px;--awb-icon-margin:21px;--awb-content-margin:72px;--awb-circlecolor:var(--awb-color4);--awb-circle-yes-font-size:26.4px;\" class=\"fusion-checklist fusion-checklist-5 fusion-checklist-default type-icons\"><li class=\"fusion-li-item\" style=\"\"><span class=\"icon-wrapper circle-yes\"><i class=\"fusion-li-icon fa-user-check fas\" aria-hidden=\"true\"><\/i><\/span><div class=\"fusion-li-item-content\">40 Beneficiarios<\/div><\/li><\/ul><\/div><\/div><div class=\"fusion-layout-column fusion_builder_column fusion-builder-column-6 fusion_builder_column_1_4 1_4 fusion-flex-column\" style=\"--awb-bg-size:cover;--awb-width-large:25%;--awb-margin-top-large:0px;--awb-spacing-right-large:15px;--awb-margin-bottom-large:20px;--awb-spacing-left-large:15px;--awb-width-medium:25%;--awb-order-medium:0;--awb-spacing-right-medium:15px;--awb-spacing-left-medium:15px;--awb-width-small:100%;--awb-order-small:0;--awb-spacing-right-small:15px;--awb-spacing-left-small:15px;\"><div class=\"fusion-column-wrapper fusion-column-has-shadow fusion-flex-justify-content-flex-start fusion-content-layout-column\"><ul style=\"--awb-size:30px;--awb-item-padding-right:70px;--awb-line-height:51px;--awb-icon-width:51px;--awb-icon-height:51px;--awb-icon-margin:21px;--awb-content-margin:72px;--awb-circlecolor:var(--awb-color4);--awb-circle-yes-font-size:26.4px;\" class=\"fusion-checklist fusion-checklist-6 fusion-checklist-default type-icons\"><li class=\"fusion-li-item\" style=\"\"><span class=\"icon-wrapper circle-yes\"><i class=\"fusion-li-icon fa-male fas\" aria-hidden=\"true\"><\/i><\/span><div class=\"fusion-li-item-content\">\n<p>6 Voluntarios<\/p>\n<\/div><\/li><\/ul><\/div><\/div><div class=\"fusion-layout-column fusion_builder_column fusion-builder-column-7 fusion_builder_column_1_1 1_1 fusion-flex-column\" style=\"--awb-padding-right:72px;--awb-padding-left:72px;--awb-padding-right-small:0px;--awb-padding-left-small:0px;--awb-bg-size:cover;--awb-width-large:100%;--awb-margin-top-large:0px;--awb-spacing-right-large:15px;--awb-margin-bottom-large:20px;--awb-spacing-left-large:15px;--awb-width-medium:100%;--awb-order-medium:3;--awb-spacing-right-medium:15px;--awb-spacing-left-medium:15px;--awb-width-small:100%;--awb-order-small:3;--awb-spacing-right-small:15px;--awb-spacing-left-small:15px;\"><div class=\"fusion-column-wrapper fusion-column-has-shadow fusion-flex-justify-content-flex-start fusion-content-layout-column\"><div class=\"fusion-text fusion-text-1\" style=\"--awb-content-alignment:justify;\"><p>La Asociaci\u00f3n <strong>Escuela de Tiempo Libre Colaxe<\/strong> es tambi\u00e9n una entidad de acci\u00f3n voluntaria, inscrita en el Registro de Entidades Voluntarias de Galicia con el n\u00famero O-986, que ejecuta proyectos de voluntariado intergeneracionales.<\/p>\n<p>El proyecto que estamos desarrollando es <strong>Pasos Compartidos<\/strong>: Caminando juntos cara el cuidado y la memoria, voluntariado intergeneracional en medio rural 2025, que promueve el encuentro entre j\u00f3venes voluntarias y personas mayores en ayuntamientos rurales (Ponteceso, Laxe y Mazaricos). Esta iniciativa tiene como eje central a organizaci\u00f3n de salidas para que las personas mayores visiten su entorno rural m\u00e1s pr\u00f3ximo y transmitan sus conocimientos sobre el mismo a los m\u00e1s nuevos, al tiempo que se fortalecen los lazos comunitarios y se favorece el intercambio de experiencias entre generaciones. Ofrecemos formaci\u00f3n y dise\u00f1o de actividades que conectan generaciones, fomentan el cuidado mutuo y poniendo en valor a memoria y el territorio. Este proyecto est\u00e1 financiado por la Uni\u00f3n Europea-NextGenerationEU al amparo de la Orden de 18 de diciembre de 2024 por la que se establecen las bases reguladoras y se convocan subvenciones, en r\u00e9gimen de concurrencia competitiva, dirigidas a entidades de acci\u00f3n voluntaria y entidades locales de Galicia para la elaboraci\u00f3n y ejecuci\u00f3n de proyectos de voluntariado intergeneracional en medio rural vinculados con el proyecto piloto Talento intergeneracional en el marco del Plan de recuperaci\u00f3n, transformaci\u00f3n y resiliencia, financiado por la Uni\u00f3n Europea-NextGenerationEU, para el a\u00f1o 2025 (c\u00f3digo de procedimiento BS508E).<\/p>\n<\/div><\/div><\/div><div class=\"fusion-layout-column fusion_builder_column fusion-builder-column-8 fusion_builder_column_1_1 1_1 fusion-flex-column\" style=\"--awb-padding-right:72px;--awb-padding-left:72px;--awb-padding-right-small:0px;--awb-padding-left-small:0px;--awb-bg-size:cover;--awb-width-large:100%;--awb-margin-top-large:0px;--awb-spacing-right-large:15px;--awb-margin-bottom-large:20px;--awb-spacing-left-large:15px;--awb-width-medium:100%;--awb-order-medium:3;--awb-spacing-right-medium:15px;--awb-spacing-left-medium:15px;--awb-width-small:100%;--awb-order-small:3;--awb-spacing-right-small:15px;--awb-spacing-left-small:15px;\"><div class=\"fusion-column-wrapper fusion-column-has-shadow fusion-flex-justify-content-flex-start fusion-content-layout-column\"><div class=\"fusion-text fusion-text-2\" style=\"--awb-content-alignment:justify;--awb-text-color:#a0a0a0;\"><p><em><strong>GALEGO<\/strong><\/em><\/p>\n<p><em>A Asociaci\u00f3n Escola de Tempo Libre Colaxe \u00e9 tam\u00e9n unha entidade de acci\u00f3n voluntaria, inscrita no Rexistro de Entidades Voluntarias de Galicia co n\u00famero O-986, que executa proxectos de voluntariado interxeracionais.<\/em><\/p>\n<p><em>O proxecto que estamos a desenvolver \u00e9&nbsp;Pasos Compartidos: Cami\u00f1ando xuntos cara o coidado e a memoria, voluntariado interxeracional no medio rural 2025, &nbsp;que promove o encontro entre mozas voluntarias e persoas maiores en concellos rurais&nbsp; (Ponteceso, Laxe e Mazaricos).Esta iniciativa ten como eixo central a organizaci\u00f3n de sa\u00eddas para que as persoas maiores visiten o seu entorno rural m\u00e1is pr\u00f3ximo e transmitan os seus co\u00f1ecementos sobre o mesmo aos m\u00e1is novos, ao tempo que se fortalecen os lazos comunitarios e se favorece o intercambio de experiencias entre xeraci\u00f3ns. Ofrecemos formaci\u00f3n e dese\u00f1o de actividades que conectan xeraci\u00f3ns, fomentan o coidado mutuo e po\u00f1endo en valor a memoria e o territorio. Este proxecto est\u00e1 financiado pola Uni\u00f3n Europea-NextGenerationEU ao abeiro da Orde do 18 de decembro de 2024 pola que se establecen as bases reguladoras e se convocan subvenci\u00f3ns, en r\u00e9xime de concorrencia competitiva, dirixidas a entidades de acci\u00f3n voluntaria e entidades locais de Galicia para a elaboraci\u00f3n e execuci\u00f3n de proxectos de voluntariado interxeracional no medio rural vinculados co proxecto piloto Talento interxeracional no marco do Plan de recuperaci\u00f3n, transformaci\u00f3n e resiliencia, financiado pola Uni\u00f3n Europea-NextGenerationEU, para o ano 2025 (c\u00f3digo de procedemento BS508E).<\/em><\/p>\n<\/div><\/div><\/div><div class=\"fusion-layout-column fusion_builder_column fusion-builder-column-9 fusion_builder_column_1_1 1_1 fusion-flex-column\" style=\"--awb-padding-left:72px;--awb-padding-right-small:0px;--awb-padding-left-small:0px;--awb-bg-size:cover;--awb-width-large:100%;--awb-margin-top-large:0px;--awb-spacing-right-large:15px;--awb-margin-bottom-large:20px;--awb-spacing-left-large:15px;--awb-width-medium:100%;--awb-order-medium:3;--awb-spacing-right-medium:15px;--awb-spacing-left-medium:15px;--awb-width-small:100%;--awb-order-small:3;--awb-spacing-right-small:15px;--awb-spacing-left-small:15px;\"><div class=\"fusion-column-wrapper fusion-column-has-shadow fusion-flex-justify-content-flex-start fusion-content-layout-column\"><div class=\"fusion-image-element\" style=\"text-align:center;--awb-max-width:500px;--awb-caption-title-font-family:var(--h2_typography-font-family);--awb-caption-title-font-weight:var(--h2_typography-font-weight);--awb-caption-title-font-style:var(--h2_typography-font-style);--awb-caption-title-size:var(--h2_typography-font-size);--awb-caption-title-transform:var(--h2_typography-text-transform);--awb-caption-title-line-height:var(--h2_typography-line-height);--awb-caption-title-letter-spacing:var(--h2_typography-letter-spacing);\"><span class=\"fusion-imageframe imageframe-none imageframe-2 hover-type-none\"><img decoding=\"async\" width=\"1025\" height=\"765\" title=\"Cartel subvencion pasos compartidos\" src=\"https:\/\/proxectocolaxe.com\/wp-content\/uploads\/Cartel-subvencion-pasos-compartidos.png\" alt class=\"img-responsive wp-image-445\" srcset=\"https:\/\/proxectocolaxe.com\/wp-content\/uploads\/Cartel-subvencion-pasos-compartidos-200x149.png 200w, https:\/\/proxectocolaxe.com\/wp-content\/uploads\/Cartel-subvencion-pasos-compartidos-400x299.png 400w, https:\/\/proxectocolaxe.com\/wp-content\/uploads\/Cartel-subvencion-pasos-compartidos-600x448.png 600w, https:\/\/proxectocolaxe.com\/wp-content\/uploads\/Cartel-subvencion-pasos-compartidos-800x597.png 800w, https:\/\/proxectocolaxe.com\/wp-content\/uploads\/Cartel-subvencion-pasos-compartidos.png 1025w\" sizes=\"(max-width: 640px) 100vw, 1025px\" \/><\/span><\/div><\/div><\/div><\/div><\/div><\/div><\/p>","protected":false},"excerpt":{"rendered":"","protected":false},"author":1,"featured_media":0,"parent":0,"menu_order":0,"comment_status":"closed","ping_status":"closed","template":"100-width.php","meta":{"footnotes":""},"class_list":["post-450","page","type-page","status-publish","hentry"],"_links":{"self":[{"href":"https:\/\/proxectocolaxe.com\/en\/wp-json\/wp\/v2\/pages\/450","targetHints":{"allow":["GET"]}}],"collection":[{"href":"https:\/\/proxectocolaxe.com\/en\/wp-json\/wp\/v2\/pages"}],"about":[{"href":"https:\/\/proxectocolaxe.com\/en\/wp-json\/wp\/v2\/types\/page"}],"author":[{"embeddable":true,"href":"https:\/\/proxectocolaxe.com\/en\/wp-json\/wp\/v2\/users\/1"}],"replies":[{"embeddable":true,"href":"https:\/\/proxectocolaxe.com\/en\/wp-json\/wp\/v2\/comments?post=450"}],"version-history":[{"count":11,"href":"https:\/\/proxectocolaxe.com\/en\/wp-json\/wp\/v2\/pages\/450\/revisions"}],"predecessor-version":[{"id":474,"href":"https:\/\/proxectocolaxe.com\/en\/wp-json\/wp\/v2\/pages\/450\/revisions\/474"}],"wp:attachment":[{"href":"https:\/\/proxectocolaxe.com\/en\/wp-json\/wp\/v2\/media?parent=450"}],"curies":[{"name":"wp","href":"https:\/\/api.w.org\/{rel}","templated":true}]}}