{"id":475,"date":"2025-12-18T12:24:14","date_gmt":"2025-12-18T11:24:14","guid":{"rendered":"https:\/\/proxectocolaxe.com\/?page_id=475"},"modified":"2025-12-18T12:26:17","modified_gmt":"2025-12-18T11:26:17","slug":"politica-de-calidad","status":"publish","type":"page","link":"https:\/\/proxectocolaxe.com\/en\/politica-de-calidad\/","title":{"rendered":"Pol\u00edtica de Calidad"},"content":{"rendered":"<div class=\"fusion-fullwidth fullwidth-box fusion-builder-row-1 fusion-flex-container has-pattern-background has-mask-background nonhundred-percent-fullwidth non-hundred-percent-height-scrolling\" style=\"--awb-border-radius-top-left:0px;--awb-border-radius-top-right:0px;--awb-border-radius-bottom-right:0px;--awb-border-radius-bottom-left:0px;--awb-margin-top:80px;--awb-margin-bottom:60px;--awb-flex-wrap:wrap;\" ><div class=\"fusion-builder-row fusion-row fusion-flex-align-items-flex-start fusion-flex-content-wrap\" style=\"max-width:1268.8px;margin-left: calc(-4% \/ 2 );margin-right: calc(-4% \/ 2 );\"><div class=\"fusion-layout-column fusion_builder_column fusion-builder-column-0 fusion_builder_column_1_1 1_1 fusion-flex-column\" style=\"--awb-bg-size:cover;--awb-width-large:100%;--awb-margin-top-large:0px;--awb-spacing-right-large:1.92%;--awb-margin-bottom-large:20px;--awb-spacing-left-large:1.92%;--awb-width-medium:100%;--awb-order-medium:0;--awb-spacing-right-medium:1.92%;--awb-spacing-left-medium:1.92%;--awb-width-small:100%;--awb-order-small:0;--awb-spacing-right-small:1.92%;--awb-spacing-left-small:1.92%;\"><div class=\"fusion-column-wrapper fusion-column-has-shadow fusion-flex-justify-content-flex-start fusion-content-layout-column\"><div class=\"fusion-text fusion-text-1\" style=\"--awb-content-alignment:justify;\"><p>COLAXE es una empresa dedicada a crear, gestionar y promocionar actividades socioculturales, musicales, educativas y medioambientales que asegura en todo momento un trato adecuado a nuestros alumnos.<\/p>\n<p>La Direcci\u00f3n, consciente de que hay que mejorar d\u00eda a d\u00eda el servicio prestado, y con el prop\u00f3sito de ofrecer siempre una organizaci\u00f3n de las m\u00e1ximas garant\u00edas para sus usuarios, establece la presente pol\u00edtica de gesti\u00f3n, que constituye la base de su Sistema de Gesti\u00f3n de la Calidad bajo la norma UNE-EN ISO 9001:2015 para las actividades de gesti\u00f3n e impartici\u00f3n de formaci\u00f3n para el empleo.<\/p>\n<p>Las v\u00edas a trav\u00e9s de las que COLAXE va a mejorar la gesti\u00f3n de sus procesos son:<\/p>\n<\/div><ul style=\"--awb-margin-bottom:30px;--awb-line-height:28.9px;--awb-icon-width:28.9px;--awb-icon-height:28.9px;--awb-icon-margin:11.9px;--awb-content-margin:40.8px;--awb-circlecolor:var(--awb-color4);--awb-circle-yes-font-size:14.96px;\" class=\"fusion-checklist fusion-checklist-1 fusion-checklist-default type-numbered\"><li class=\"fusion-li-item\" style=\"\"><span class=\"icon-wrapper circle-yes\">1<\/span><div class=\"fusion-li-item-content\">Conseguir la mejora continua en sus procesos mediante la aplicaci\u00f3n de la norma internacional UNE-EN ISO 9001:2015 implantada.<\/div><\/li><li class=\"fusion-li-item\" style=\"\"><span class=\"icon-wrapper circle-yes\">2<\/span><div class=\"fusion-li-item-content\">El establecimiento de unos objetivos de mejora coherentes con las necesidades de nuestros clientes, partes interesadas y de la sociedad actual.<\/div><\/li><li class=\"fusion-li-item\" style=\"\"><span class=\"icon-wrapper circle-yes\">3<\/span><div class=\"fusion-li-item-content\">El compromiso de todos los empleados de la organizaci\u00f3n con el cumplimiento de los objetivos marcados, a trav\u00e9s del conocimiento de los mismos y de su estado de cumplimiento a lo largo del ejercicio.<\/div><\/li><li class=\"fusion-li-item\" style=\"\"><span class=\"icon-wrapper circle-yes\">4<\/span><div class=\"fusion-li-item-content\">Implicar en la satisfacci\u00f3n de los clientes y en la mejora continua a nuestros proveedores y subcontratas, inform\u00e1ndoles de las necesidades de los procesos de nuestra empresa y d\u00e1ndoles apoyo para su cumplimiento.<\/div><\/li><li class=\"fusion-li-item\" style=\"\"><span class=\"icon-wrapper circle-yes\">5<\/span><div class=\"fusion-li-item-content\">Mantener al personal de la organizaci\u00f3n al d\u00eda de las innovaciones y cambios legislativos en materia de formaci\u00f3n.<\/div><\/li><li class=\"fusion-li-item\" style=\"\"><span class=\"icon-wrapper circle-yes\">6<\/span><div class=\"fusion-li-item-content\">Nuestro compromiso para cumplir con los requisitos del cliente as\u00ed como con todos los requisitos legales y reglamentarios que sean de aplicaci\u00f3n a nuestras actividades.<\/div><\/li><li class=\"fusion-li-item\" style=\"\"><span class=\"icon-wrapper circle-yes\">7<\/span><div class=\"fusion-li-item-content\">Comunicaci\u00f3n de la pol\u00edtica. Formaci\u00f3n e informaci\u00f3n sobre la misma. Compromiso de mantenerla disponible para las partes interesadas.<\/div><\/li><li class=\"fusion-li-item\" style=\"\"><span class=\"icon-wrapper circle-yes\">8<\/span><div class=\"fusion-li-item-content\">Revisi\u00f3n peri\u00f3dica, como m\u00ednimo anual, de la Pol\u00edtica de Calidad en la revisi\u00f3n del SGC.<\/div><\/li><\/ul><div class=\"fusion-text fusion-text-2\" style=\"--awb-content-alignment:right;\"><p>En Laxe, a 14 de enero de 2022<br \/>\nLa Direcci\u00f3n<\/p>\n<\/div><\/div><\/div><\/div><\/div>","protected":false},"excerpt":{"rendered":"","protected":false},"author":1,"featured_media":0,"parent":0,"menu_order":0,"comment_status":"closed","ping_status":"closed","template":"100-width.php","meta":{"footnotes":""},"class_list":["post-475","page","type-page","status-publish","hentry"],"_links":{"self":[{"href":"https:\/\/proxectocolaxe.com\/en\/wp-json\/wp\/v2\/pages\/475","targetHints":{"allow":["GET"]}}],"collection":[{"href":"https:\/\/proxectocolaxe.com\/en\/wp-json\/wp\/v2\/pages"}],"about":[{"href":"https:\/\/proxectocolaxe.com\/en\/wp-json\/wp\/v2\/types\/page"}],"author":[{"embeddable":true,"href":"https:\/\/proxectocolaxe.com\/en\/wp-json\/wp\/v2\/users\/1"}],"replies":[{"embeddable":true,"href":"https:\/\/proxectocolaxe.com\/en\/wp-json\/wp\/v2\/comments?post=475"}],"version-history":[{"count":3,"href":"https:\/\/proxectocolaxe.com\/en\/wp-json\/wp\/v2\/pages\/475\/revisions"}],"predecessor-version":[{"id":480,"href":"https:\/\/proxectocolaxe.com\/en\/wp-json\/wp\/v2\/pages\/475\/revisions\/480"}],"wp:attachment":[{"href":"https:\/\/proxectocolaxe.com\/en\/wp-json\/wp\/v2\/media?parent=475"}],"curies":[{"name":"wp","href":"https:\/\/api.w.org\/{rel}","templated":true}]}}